{"id":3469,"date":"2023-09-28T09:29:08","date_gmt":"2023-09-28T07:29:08","guid":{"rendered":"http:\/\/integra.aivikando.com.pl\/?page_id=3469"},"modified":"2025-10-18T12:06:01","modified_gmt":"2025-10-18T10:06:01","slug":"aktualnosci","status":"publish","type":"page","link":"http:\/\/integra.aivikando.com.pl\/?page_id=3469","title":{"rendered":"Aktualno\u015bci"},"content":{"rendered":"<section class=\"l-section wpb_row us_custom_3b52b4dd height_small width_full\"><div class=\"l-section-h i-cf\"><div class=\"g-cols vc_row via_flex valign_top type_default stacking_default\"><div class=\"vc_col-sm-12 wpb_column vc_column_container\"><div class=\"vc_column-inner\"><div class=\"wpb_wrapper\"><div class=\"w-image us_custom_c082b32b hide_on_tablets hide_on_mobiles align_center\"><div class=\"w-image-h\"><img decoding=\"async\" width=\"2200\" height=\"435\" data-src=\"http:\/\/integra.aivikando.com.pl\/wp-content\/uploads\/2022\/09\/dokuemnty.png\" class=\"attachment-full size-full lazyload\" alt=\"\" data-srcset=\"http:\/\/integra.aivikando.com.pl\/wp-content\/uploads\/2022\/09\/dokuemnty.png 2200w, http:\/\/integra.aivikando.com.pl\/wp-content\/uploads\/2022\/09\/dokuemnty-300x59.png 300w, http:\/\/integra.aivikando.com.pl\/wp-content\/uploads\/2022\/09\/dokuemnty-1024x202.png 1024w\" data-sizes=\"auto, (max-width: 2200px) 100vw, 2200px\" src=\"data:image\/svg+xml;base64,PHN2ZyB3aWR0aD0iMSIgaGVpZ2h0PSIxIiB4bWxucz0iaHR0cDovL3d3dy53My5vcmcvMjAwMC9zdmciPjwvc3ZnPg==\" style=\"--smush-placeholder-width: 2200px; --smush-placeholder-aspect-ratio: 2200\/435;\" \/><\/div><\/div><div class=\"w-image us_custom_640bbb89 hide_on_default hide_on_laptops align_center\"><div class=\"w-image-h\"><img decoding=\"async\" width=\"1200\" height=\"496\" data-src=\"http:\/\/integra.aivikando.com.pl\/wp-content\/uploads\/2022\/09\/dokuemnty_mobile.png\" class=\"attachment-full size-full lazyload\" alt=\"\" src=\"data:image\/svg+xml;base64,PHN2ZyB3aWR0aD0iMSIgaGVpZ2h0PSIxIiB4bWxucz0iaHR0cDovL3d3dy53My5vcmcvMjAwMC9zdmciPjwvc3ZnPg==\" style=\"--smush-placeholder-width: 1200px; --smush-placeholder-aspect-ratio: 1200\/496;\" \/><\/div><\/div><div class=\"w-separator hide_on_default hide_on_laptops size_custom\" style=\"height:40px\"><\/div><nav class=\"g-breadcrumbs us_custom_c50ad069 separator_icon align_none\" itemscope itemtype=\"http:\/\/schema.org\/BreadcrumbList\"><div class=\"g-breadcrumbs-item\" itemscope itemprop=\"itemListElement\" itemtype=\"http:\/\/schema.org\/ListItem\"><a itemprop=\"item\" href=\"http:\/\/integra.aivikando.com.pl\/\"><span itemprop=\"name\">Strona g\u0142\u00f3wna<\/span><\/a><meta itemprop=\"position\" content=\"1\"\/><\/div><div class=\"g-breadcrumbs-separator\"><i class=\"far fa-angle-right\"><\/i><\/div><div class=\"g-breadcrumbs-item\">Strony<\/div><\/nav><div class=\"wpb_text_column us_custom_dc6758c7\"><div class=\"wpb_wrapper\"><h2>Aktualno\u015bci<\/h2>\n<\/div><\/div><div class=\"wpb_text_column us_custom_76a6a869\"><div class=\"wpb_wrapper\"><h4><\/h4>\n<h4>Wa\u017cne informacje dla abonent\u00f3w<\/h4>\n<\/div><\/div><\/div><\/div><\/div><\/div><\/div><\/section><section class=\"l-section wpb_row us_custom_64c38ea8 height_auto width_full\"><div class=\"l-section-h i-cf\"><div class=\"g-cols vc_row via_flex valign_top type_default stacking_default\"><div class=\"vc_col-sm-12 wpb_column vc_column_container\"><div class=\"vc_column-inner\"><div class=\"wpb_wrapper\"><div class=\"w-separator size_huge\"><\/div><div class=\"wpb_text_column\"><div class=\"wpb_wrapper\"><p>18.10.2025r.<\/p>\n<p>Informujemy, \u017ce aktualnie wdra\u017camy nowe pakiety kt\u00f3re umo\u017cliwi\u0105 dost\u0119p do program\u00f3w CANAL+. Prace techniczne s\u0105 ju\u017c na uko\u0144czeniu i w ci\u0105gu najbli\u017cszych 2-3 dni b\u0119dziemy mogli poinformowa\u0107 Pa\u0144stwa o mo\u017cliwo\u015bci skorzystania z tych pakiet\u00f3w. Informacja o gotowo\u015bci nowych pakiet\u00f3w b\u0119dzie opublikowana na stronie i dodatkowo przes\u0142ana za pomoc\u0105 komunikatu SMS. Wys\u0142ana wiadomo\u015b\u0107 SMS nie b\u0119dzie oznacza\u0107 automatycznego uruchomienia nowych pakiet\u00f3w. Prosimy o kontakt telefoniczny z <strong>BOK<\/strong> w sprawie uruchomienia wybranego pakietu albo wyra\u017cenie woli aktywacji nowego pakietu za pomoc\u0105 wiadomo\u015bci e-mail na adres <strong>integra@tarnow.net.pl<\/strong>. Za wszelkie utrudnienia bardzo Pa\u0144stwa przepraszamy.<\/p>\n<p>&nbsp;<\/p>\n<p>13.10.2025r.<\/p>\n<p>Informujemy, \u017ce trwaj\u0105 prace nad przywr\u00f3ceniem dost\u0119pu do program\u00f3w CANAL+ a utrudnienia w ich odbiorze spowodowane s\u0105 zmianami kontraktowymi. Prace s\u0105 ju\u017c na uko\u0144czeniu i mamy nadziej\u0119, \u017ce w ci\u0105gu najbli\u017cszych 2-3 dni b\u0119dziemy mogli poinformowa\u0107 Pa\u0144stwa o ich rezultatach. Za wszelkie utrudnienia bardzo Pa\u0144stwa przepraszamy.<\/p>\n<p>&nbsp;<\/p>\n<p>01.10.2024r.<\/p>\n<p>Szanowni Pa\u0144stwo<\/p>\n<p>Uprzejmie informujemy, \u017ce w zwi\u0105zku z wej\u015bciem w \u017cycie w dniu 10.11.2024 r. ustawy Prawo Komunikacji Elektronicznej (Dz.U. z 2024, poz. 1221), zmianie ulegn\u0105 warunki um\u00f3w o \u015bwiadczenie us\u0142ug telekomunikacyjnych. Dokument nale\u017cy pobra\u0107 w celu jego utrwalenia i zachowania mo\u017cliwo\u015bci jego p\u00f3\u017aniejszego odtworzenia w niezmienionej postaci. Szczeg\u00f3\u0142y w za\u0142\u0105czniku.<\/p>\n<p><a href=\"http:\/\/integra.aivikando.com.pl\/wp-content\/uploads\/2024\/10\/Pismo-do-Abonentow-zmiany-PKE_new7-1.pdf\" target=\"_blank\" rel=\"noopener\"><strong>pobierz PDF<\/strong><\/a><\/p>\n<\/div><\/div><div class=\"w-separator size_custom\" style=\"height:120px\" id=\"d8a7\"><style>@media(max-width:600px){ #d8a7{height:80px!important}}<\/style><\/div><\/div><\/div><\/div><\/div><\/div><\/section>\n","protected":false},"excerpt":{"rendered":"Strona g\u0142\u00f3wnaStronyAktualno\u015bci Wa\u017cne informacje dla abonent\u00f3w 18.10.2025r. Informujemy, \u017ce aktualnie wdra\u017camy nowe pakiety kt\u00f3re umo\u017cliwi\u0105 dost\u0119p do program\u00f3w CANAL+. Prace techniczne s\u0105 ju\u017c na uko\u0144czeniu i w ci\u0105gu najbli\u017cszych 2-3 dni b\u0119dziemy mogli poinformowa\u0107 Pa\u0144stwa o mo\u017cliwo\u015bci skorzystania z tych pakiet\u00f3w. Informacja o gotowo\u015bci nowych pakiet\u00f3w b\u0119dzie opublikowana na stronie i dodatkowo przes\u0142ana za pomoc\u0105...","protected":false},"author":1,"featured_media":0,"parent":0,"menu_order":0,"comment_status":"closed","ping_status":"closed","template":"","meta":{"footnotes":""},"class_list":["post-3469","page","type-page","status-publish","hentry"],"_links":{"self":[{"href":"http:\/\/integra.aivikando.com.pl\/index.php?rest_route=\/wp\/v2\/pages\/3469","targetHints":{"allow":["GET"]}}],"collection":[{"href":"http:\/\/integra.aivikando.com.pl\/index.php?rest_route=\/wp\/v2\/pages"}],"about":[{"href":"http:\/\/integra.aivikando.com.pl\/index.php?rest_route=\/wp\/v2\/types\/page"}],"author":[{"embeddable":true,"href":"http:\/\/integra.aivikando.com.pl\/index.php?rest_route=\/wp\/v2\/users\/1"}],"replies":[{"embeddable":true,"href":"http:\/\/integra.aivikando.com.pl\/index.php?rest_route=%2Fwp%2Fv2%2Fcomments&post=3469"}],"version-history":[{"count":44,"href":"http:\/\/integra.aivikando.com.pl\/index.php?rest_route=\/wp\/v2\/pages\/3469\/revisions"}],"predecessor-version":[{"id":3702,"href":"http:\/\/integra.aivikando.com.pl\/index.php?rest_route=\/wp\/v2\/pages\/3469\/revisions\/3702"}],"wp:attachment":[{"href":"http:\/\/integra.aivikando.com.pl\/index.php?rest_route=%2Fwp%2Fv2%2Fmedia&parent=3469"}],"curies":[{"name":"wp","href":"https:\/\/api.w.org\/{rel}","templated":true}]}}