{"id":3251,"date":"2022-09-17T13:13:56","date_gmt":"2022-09-17T11:13:56","guid":{"rendered":"http:\/\/80.48.192.50\/?page_id=3251"},"modified":"2022-09-17T13:26:28","modified_gmt":"2022-09-17T11:26:28","slug":"ebok","status":"publish","type":"page","link":"http:\/\/integra.aivikando.com.pl\/?page_id=3251","title":{"rendered":"ebok"},"content":{"rendered":"<section class=\"l-section wpb_row us_custom_3b52b4dd height_small width_full\"><div class=\"l-section-h i-cf\"><div class=\"g-cols vc_row via_flex valign_top type_default stacking_default\"><div class=\"vc_col-sm-12 wpb_column vc_column_container\"><div class=\"vc_column-inner\"><div class=\"wpb_wrapper\"><div class=\"w-image us_custom_c082b32b hide_on_tablets hide_on_mobiles align_center\"><div class=\"w-image-h\"><img decoding=\"async\" width=\"2200\" height=\"435\" data-src=\"http:\/\/integra.aivikando.com.pl\/wp-content\/uploads\/2022\/09\/KONFIGURATOR.png\" class=\"attachment-full size-full lazyload\" alt=\"\" src=\"data:image\/svg+xml;base64,PHN2ZyB3aWR0aD0iMSIgaGVpZ2h0PSIxIiB4bWxucz0iaHR0cDovL3d3dy53My5vcmcvMjAwMC9zdmciPjwvc3ZnPg==\" style=\"--smush-placeholder-width: 2200px; --smush-placeholder-aspect-ratio: 2200\/435;\" \/><\/div><\/div><div class=\"w-image us_custom_640bbb89 hide_on_default hide_on_laptops align_center\"><div class=\"w-image-h\"><img decoding=\"async\" width=\"1200\" height=\"496\" data-src=\"http:\/\/integra.aivikando.com.pl\/wp-content\/uploads\/2022\/09\/KONFIGURATOR_mobile.png\" class=\"attachment-full size-full lazyload\" alt=\"\" src=\"data:image\/svg+xml;base64,PHN2ZyB3aWR0aD0iMSIgaGVpZ2h0PSIxIiB4bWxucz0iaHR0cDovL3d3dy53My5vcmcvMjAwMC9zdmciPjwvc3ZnPg==\" style=\"--smush-placeholder-width: 1200px; --smush-placeholder-aspect-ratio: 1200\/496;\" \/><\/div><\/div><div class=\"w-separator hide_on_default hide_on_laptops size_custom\" style=\"height:40px\"><\/div><nav class=\"g-breadcrumbs us_custom_c50ad069 separator_icon align_none\" itemscope itemtype=\"http:\/\/schema.org\/BreadcrumbList\"><div class=\"g-breadcrumbs-item\" itemscope itemprop=\"itemListElement\" itemtype=\"http:\/\/schema.org\/ListItem\"><a itemprop=\"item\" href=\"http:\/\/integra.aivikando.com.pl\/\"><span itemprop=\"name\">Strona g\u0142\u00f3wna<\/span><\/a><meta itemprop=\"position\" content=\"1\"\/><\/div><div class=\"g-breadcrumbs-separator\"><i class=\"far fa-angle-right\"><\/i><\/div><div class=\"g-breadcrumbs-item\">Strony<\/div><\/nav><div class=\"wpb_text_column us_custom_dc6758c7\"><div class=\"wpb_wrapper\"><h2>e-BOK<\/h2>\n<\/div><\/div><div class=\"wpb_text_column us_custom_76a6a869\"><div class=\"wpb_wrapper\"><h4>zaloguj si\u0119 do interesuj\u0105cej Ci\u0119 us\u0142ugi<\/h4>\n<\/div><\/div><\/div><\/div><\/div><\/div><\/div><\/section><section class=\"l-section wpb_row us_custom_9a3a417b height_medium width_full\"><div class=\"l-section-h i-cf\"><div class=\"g-cols vc_row via_flex valign_top type_default stacking_default\"><div class=\"vc_col-sm-12 wpb_column vc_column_container\"><div class=\"vc_column-inner\"><div class=\"wpb_wrapper\"><div class=\"wpb_text_column\"><div class=\"wpb_wrapper\"><h4 style=\"text-align: center;\">Wybierz us\u0142ug\u0119 do kt\u00f3rej chcesz si\u0119 zalogowa\u0107:<\/h4>\n<\/div><\/div><div class=\"w-separator size_medium\"><\/div><div class=\"g-cols wpb_row via_flex valign_top type_default stacking_default\" style=\"--additional-gap:1.5rem;\"><div class=\"vc_col-sm-6 wpb_column vc_column_container has_bg_color\"><div class=\"vc_column-inner us_custom_fffc3c1a\"><div class=\"wpb_wrapper\"><div class=\"w-separator size_medium\"><\/div><div class=\"wpb_text_column\"><div class=\"wpb_wrapper\"><h5 style=\"text-align: center;\">Zarz\u0105dzenie <span style=\"color: #bf2221;\">kontem Abonenta<\/span><\/h5>\n<\/div><\/div><div class=\"w-separator size_small\"><\/div><div class=\"w-btn-wrapper align_center\"><a class=\"w-btn us-btn-style_12 icon_atleft\" target=\"_blank\" rel=\"nofollow\" href=\"https:\/\/bok.ilabs.pl\/boa\/login\"><i class=\"fas fa-user\"><\/i><span class=\"w-btn-label\">ZALOGUJ<\/span><\/a><\/div><div class=\"w-separator size_medium\"><\/div><\/div><\/div><\/div><div class=\"vc_col-sm-6 wpb_column vc_column_container has_bg_color\"><div class=\"vc_column-inner us_custom_eba181f5\"><div class=\"wpb_wrapper\"><div class=\"w-separator size_medium\"><\/div><div class=\"wpb_text_column\"><div class=\"wpb_wrapper\"><h5 style=\"text-align: center;\">Zarz\u0105dzenie <span style=\"color: #bf2221;\">telefonem CTS<\/span><\/h5>\n<\/div><\/div><div class=\"w-separator size_small\"><\/div><div class=\"w-btn-wrapper align_center\"><a class=\"w-btn us-btn-style_12 icon_atleft\" target=\"_blank\" rel=\"nofollow\" href=\"https:\/\/integra.hiperus.pl\/\"><i class=\"fas fa-user\"><\/i><span class=\"w-btn-label\">ZALOGUJ<\/span><\/a><\/div><div class=\"w-separator size_medium\"><\/div><\/div><\/div><\/div><\/div><div class=\"w-separator size_custom\" style=\"height:\" id=\"s214\"><style>@media(max-width:600px){ #s214{height:40px!important}}<\/style><\/div><\/div><\/div><\/div><\/div><\/div><\/section>\n","protected":false},"excerpt":{"rendered":"Strona g\u0142\u00f3wnaStronye-BOK zaloguj si\u0119 do interesuj\u0105cej Ci\u0119 us\u0142ugi Wybierz us\u0142ug\u0119 do kt\u00f3rej chcesz si\u0119 zalogowa\u0107: Zarz\u0105dzenie kontem Abonenta ZALOGUJZarz\u0105dzenie telefonem CTS ZALOGUJ","protected":false},"author":1,"featured_media":0,"parent":0,"menu_order":0,"comment_status":"closed","ping_status":"closed","template":"","meta":{"footnotes":""},"class_list":["post-3251","page","type-page","status-publish","hentry"],"_links":{"self":[{"href":"http:\/\/integra.aivikando.com.pl\/index.php?rest_route=\/wp\/v2\/pages\/3251","targetHints":{"allow":["GET"]}}],"collection":[{"href":"http:\/\/integra.aivikando.com.pl\/index.php?rest_route=\/wp\/v2\/pages"}],"about":[{"href":"http:\/\/integra.aivikando.com.pl\/index.php?rest_route=\/wp\/v2\/types\/page"}],"author":[{"embeddable":true,"href":"http:\/\/integra.aivikando.com.pl\/index.php?rest_route=\/wp\/v2\/users\/1"}],"replies":[{"embeddable":true,"href":"http:\/\/integra.aivikando.com.pl\/index.php?rest_route=%2Fwp%2Fv2%2Fcomments&post=3251"}],"version-history":[{"count":13,"href":"http:\/\/integra.aivikando.com.pl\/index.php?rest_route=\/wp\/v2\/pages\/3251\/revisions"}],"predecessor-version":[{"id":3264,"href":"http:\/\/integra.aivikando.com.pl\/index.php?rest_route=\/wp\/v2\/pages\/3251\/revisions\/3264"}],"wp:attachment":[{"href":"http:\/\/integra.aivikando.com.pl\/index.php?rest_route=%2Fwp%2Fv2%2Fmedia&parent=3251"}],"curies":[{"name":"wp","href":"https:\/\/api.w.org\/{rel}","templated":true}]}}