{"id":3027,"date":"2022-09-15T13:02:50","date_gmt":"2022-09-15T11:02:50","guid":{"rendered":"http:\/\/80.48.192.50\/?page_id=3027"},"modified":"2024-10-30T10:34:23","modified_gmt":"2024-10-30T09:34:23","slug":"regulaminy","status":"publish","type":"page","link":"http:\/\/integra.aivikando.com.pl\/?page_id=3027","title":{"rendered":"Regulaminy"},"content":{"rendered":"<section class=\"l-section wpb_row us_custom_3b52b4dd height_small width_full\"><div class=\"l-section-h i-cf\"><div class=\"g-cols vc_row via_flex valign_top type_default stacking_default\"><div class=\"vc_col-sm-12 wpb_column vc_column_container\"><div class=\"vc_column-inner\"><div class=\"wpb_wrapper\"><div class=\"w-image us_custom_c082b32b hide_on_tablets hide_on_mobiles align_center\"><div class=\"w-image-h\"><img decoding=\"async\" width=\"2200\" height=\"435\" data-src=\"http:\/\/integra.aivikando.com.pl\/wp-content\/uploads\/2022\/09\/dokuemnty.png\" class=\"attachment-full size-full lazyload\" alt=\"\" data-srcset=\"http:\/\/integra.aivikando.com.pl\/wp-content\/uploads\/2022\/09\/dokuemnty.png 2200w, http:\/\/integra.aivikando.com.pl\/wp-content\/uploads\/2022\/09\/dokuemnty-300x59.png 300w, http:\/\/integra.aivikando.com.pl\/wp-content\/uploads\/2022\/09\/dokuemnty-1024x202.png 1024w\" data-sizes=\"auto, (max-width: 2200px) 100vw, 2200px\" src=\"data:image\/svg+xml;base64,PHN2ZyB3aWR0aD0iMSIgaGVpZ2h0PSIxIiB4bWxucz0iaHR0cDovL3d3dy53My5vcmcvMjAwMC9zdmciPjwvc3ZnPg==\" style=\"--smush-placeholder-width: 2200px; --smush-placeholder-aspect-ratio: 2200\/435;\" \/><\/div><\/div><div class=\"w-image us_custom_640bbb89 hide_on_default hide_on_laptops align_center\"><div class=\"w-image-h\"><img decoding=\"async\" width=\"1200\" height=\"496\" data-src=\"http:\/\/integra.aivikando.com.pl\/wp-content\/uploads\/2022\/09\/dokuemnty_mobile.png\" class=\"attachment-full size-full lazyload\" alt=\"\" src=\"data:image\/svg+xml;base64,PHN2ZyB3aWR0aD0iMSIgaGVpZ2h0PSIxIiB4bWxucz0iaHR0cDovL3d3dy53My5vcmcvMjAwMC9zdmciPjwvc3ZnPg==\" style=\"--smush-placeholder-width: 1200px; --smush-placeholder-aspect-ratio: 1200\/496;\" \/><\/div><\/div><div class=\"w-separator hide_on_default hide_on_laptops size_custom\" style=\"height:40px\"><\/div><nav class=\"g-breadcrumbs us_custom_c50ad069 separator_icon align_none\" itemscope itemtype=\"http:\/\/schema.org\/BreadcrumbList\"><div class=\"g-breadcrumbs-item\" itemscope itemprop=\"itemListElement\" itemtype=\"http:\/\/schema.org\/ListItem\"><a itemprop=\"item\" href=\"http:\/\/integra.aivikando.com.pl\/\"><span itemprop=\"name\">Strona g\u0142\u00f3wna<\/span><\/a><meta itemprop=\"position\" content=\"1\"\/><\/div><div class=\"g-breadcrumbs-separator\"><i class=\"far fa-angle-right\"><\/i><\/div><div class=\"g-breadcrumbs-item\">Strony<\/div><\/nav><div class=\"wpb_text_column us_custom_dc6758c7\"><div class=\"wpb_wrapper\"><h2>Regulaminy<\/h2>\n<\/div><\/div><div class=\"wpb_text_column us_custom_76a6a869\"><div class=\"wpb_wrapper\"><h4>dokumenty do pobrania<\/h4>\n<\/div><\/div><\/div><\/div><\/div><\/div><\/div><\/section><section class=\"l-section wpb_row us_custom_64c38ea8 height_auto width_full\"><div class=\"l-section-h i-cf\"><div class=\"g-cols vc_row via_flex valign_top type_default stacking_default\"><div class=\"vc_col-sm-12 wpb_column vc_column_container\"><div class=\"vc_column-inner\"><div class=\"wpb_wrapper\"><div class=\"w-separator size_small\"><\/div><\/div><\/div><\/div><div class=\"vc_col-sm-6 wpb_column vc_column_container\"><div class=\"vc_column-inner\"><div class=\"wpb_wrapper\"><div class=\"wpb_text_column\"><div class=\"wpb_wrapper\"><h5>REGULAMINY<\/h5>\n<ul>\n<li>Regulamin \u015bwiadczenia us\u0142ug telekomunikacyjnych<br \/>\n<a href=\"http:\/\/integra.aivikando.com.pl\/wp-content\/uploads\/2022\/09\/Regulamin-swiadczenia-uslug-telekomunikacyjnych.pdf\" target=\"_blank\" rel=\"noopener\"><strong>pobierz PDF<\/strong><\/a><\/li>\n<li>Regulamin \u015bwiadczenia us\u0142ug telekomunikacyjnych (tekst du\u017ca czcionka)\u00a0 <a href=\"http:\/\/integra.aivikando.com.pl\/wp-content\/uploads\/2022\/09\/Regulamin-swiadczenia-uslug-telekomunikacyjnych_czcionka.pdf\"><strong>pobierz PDF<\/strong><\/a><\/li>\n<\/ul>\n<h5>UMOWY<\/h5>\n<ul>\n<li>Zmiana warunk\u00f3w um\u00f3w o \u015bwiadczenie us\u0142ug telekomunikacyjnych wynikaj\u0105ca z ustawy PKE\u00a0 &#8211; <strong><a href=\"http:\/\/integra.aivikando.com.pl\/wp-content\/uploads\/2024\/10\/Pismo-do-Abonentow-zmiany-PKE_new7-1.pdf\">pobierz PDF<\/a><\/strong><\/li>\n<li>Umowa na korzystanie z us\u0142ugi dost\u0119pu do sieci Internet\u00a0 &#8211; <strong><a href=\"http:\/\/integra.aivikando.com.pl\/wp-content\/uploads\/2022\/09\/Umowa-INT-FiberPoint-Wzor.pdf\">pobierz PDF<\/a><\/strong><\/li>\n<li>Umowa na korzystanie z us\u0142ugi dost\u0119pu do sieci Internet (tekst du\u017ca czcionka) &#8211; <strong><a href=\"http:\/\/integra.aivikando.com.pl\/wp-content\/uploads\/2022\/09\/Umowa-INT-FiberPoint-Wzor-CZCIONKA.pdf\">pobierz PDF<\/a><br \/>\n<\/strong><\/li>\n<li>Umowa na korzystanie z us\u0142ugi Cyfrowej Telefonii Stacjonarnej\u00a0 &#8211; <strong><a href=\"http:\/\/integra.aivikando.com.pl\/wp-content\/uploads\/2022\/09\/Umowa-CTS-Wzor.pdf\">pobierz PDF<\/a><br \/>\n<\/strong><\/li>\n<li>Umowa na korzystanie z us\u0142ugi Cyfrowej Telefonii Stacjonarnej (tekst du\u017ca czcionka) &#8211; <strong><a href=\"http:\/\/integra.aivikando.com.pl\/wp-content\/uploads\/2022\/09\/Umowa-CTS-Wzor-CZCIONKA.pdf\">pobierz PDF<\/a><br \/>\n<\/strong><\/li>\n<li>Umowa na korzystanie z us\u0142ugi telewizji kablowej\u00a0 &#8211; <strong><a href=\"http:\/\/integra.aivikando.com.pl\/wp-content\/uploads\/2022\/09\/Umowa-TV-Wzor.pdf\">pobierz PDF<\/a><br \/>\n<\/strong><\/li>\n<li>Umowa na korzystanie z us\u0142ugi telewizji kablowej<strong>\u00a0<\/strong>(tekst du\u017ca czcionka) &#8211; <a href=\"http:\/\/integra.aivikando.com.pl\/wp-content\/uploads\/2022\/09\/Umowa-TV-Wzor-CZCIONKA.pdf\"><strong>pobierz PDF<\/strong><\/a><\/li>\n<\/ul>\n<\/div><\/div><div class=\"w-separator size_medium\"><\/div><\/div><\/div><\/div><div class=\"vc_col-sm-6 wpb_column vc_column_container\"><div class=\"vc_column-inner\"><div class=\"wpb_wrapper\"><div class=\"wpb_text_column\"><div class=\"wpb_wrapper\"><h5>CENNIKI<\/h5>\n<ul>\n<li>Cennik CTS dla po\u0142\u0105cze\u0144 krajowych &#8211; <a href=\"http:\/\/integra.aivikando.com.pl\/wp-content\/uploads\/2022\/09\/Cennik_krajowy.pdf\"><strong>pobierz PDF<\/strong><\/a><strong>\u00a0\u00a0\u00a0\u00a0\u00a0 <\/strong>tekst du\u017ca czcionka &#8211; <a href=\"http:\/\/integra.aivikando.com.pl\/wp-content\/uploads\/2022\/09\/Cennik-krajowy_CZCIONKA.pdf\"><strong>pobierz PDF<\/strong><\/a><\/li>\n<li>Cennik CTS dla po\u0142\u0105cze\u0144 mi\u0119dzynarodowych &#8211; <a href=\"http:\/\/integra.aivikando.com.pl\/wp-content\/uploads\/2022\/09\/Cennik_miedzynarodowy.pdf\"><strong>pobierz PDF<\/strong><\/a><strong>\u00a0\u00a0\u00a0\u00a0 <\/strong>tekst du\u017ca czcionka &#8211; <a href=\"http:\/\/integra.aivikando.com.pl\/wp-content\/uploads\/2022\/09\/Cennikmiedzynarodowy_CZCIONKA.pdf\"><strong>pobierz PDF<\/strong><\/a><\/li>\n<li>Cennik CTS dla po\u0142\u0105cze\u0144 PREMIUM &#8211; <a href=\"http:\/\/integra.aivikando.com.pl\/wp-content\/uploads\/2022\/09\/cennikPREMIUM.pdf\"><strong>pobierz PDF<\/strong><\/a><strong>\u00a0\u00a0\u00a0\u00a0 <\/strong>tekst du\u017ca czcionka &#8211; <a href=\"http:\/\/integra.aivikando.com.pl\/wp-content\/uploads\/2022\/09\/cennikPREMIUM_CZCIONKA.pdf\"><strong>pobierz PDF<\/strong><\/a><\/li>\n<\/ul>\n<\/div><\/div><div class=\"w-separator size_medium\"><\/div><div class=\"wpb_text_column\"><div class=\"wpb_wrapper\"><h5>Dokumenty sporz\u0105dzone przy u\u017cyciu du\u017cej czcionki:<\/h5>\n<ul>\n<li>\u00a0\u00a0\u00a0 cennik us\u0142ug telekomunikacyjnych<\/li>\n<li>\u00a0\u00a0\u00a0 regulamin us\u0142ug telekomunikacyjnych<\/li>\n<li>\u00a0\u00a0\u00a0 wz\u00f3r umowy o \u015bwiadczenie us\u0142ug telekomunikacyjnych<\/li>\n<li>\u00a0\u00a0\u00a0 udogodnienia dla os\u00f3b niepe\u0142nosprawnych<\/li>\n<\/ul>\n<p>Jednocze\u015bnie informujemy, \u017ce nasza strona internetowa i udost\u0119pniane za jej po\u015brednictwem informacje s\u0105 dostosowane do wymaga\u0144 <strong>Web Content Accessibility<\/strong>.<\/p>\n<p><strong>INTEGRA Pawe\u0142 Mr\u00f3z<\/strong>, ul. Graniczna 8A, 33-100 Tarn\u00f3w, tel. 146243807, integra@tarnow.net.pl<br \/>\nInformacje zawarte na stronie www nie s\u0105 ofert\u0105 handlow\u0105<\/p>\n<\/div><\/div><\/div><\/div><\/div><div class=\"vc_col-sm-12 wpb_column vc_column_container\"><div class=\"vc_column-inner\"><div class=\"wpb_wrapper\"><div class=\"w-separator size_small\"><\/div><div class=\"wpb_text_column\"><div class=\"wpb_wrapper\"><h5><strong>Udogodnienia dla os\u00f3b niepe\u0142nosprawnych <\/strong><\/h5>\n<p>tekst du\u017ca czcionka &#8211; <a href=\"http:\/\/integra.aivikando.com.pl\/wp-content\/uploads\/2022\/09\/Udogodnienia-dla-niepelnosprawnych-CZCIONKA1.pdf\"><strong>pobierz PDF<\/strong><\/a><\/p>\n<p><strong>\u00a01.\u00a0<\/strong>\u00a0\u00a0 Zapewniamy obs\u0142ug\u0119 os\u00f3b niepe\u0142nosprawnych na stanowisku w Biurze Obs\u0142ugi Klienta. W ramach obs\u0142ugi, po wcze\u015bniejszym uzgodnieniu terminu, umo\u017cliwimy komunikacj\u0119 osoby nies\u0142ysz\u0105cej lub niem\u00f3wi\u0105cej z pracownikiem biura.<\/p>\n<p><strong>\u00a02.\u00a0\u00a0<\/strong>\u00a0 Zapewniamy bezp\u0142atny dost\u0119p do t\u0142umacza polskiego j\u0119zyka migowego od poniedzia\u0142ku do pi\u0105tku w godzinach od 8:00 do 16:00. Osoba niepe\u0142nosprawna w celu skorzystania z tego udogodnienia powinna zg\u0142osi\u0107 zamiar skorzystania z niego osobi\u015bcie lub za po\u015brednictwem osoby wspomagaj\u0105cej, telefonicznie lub za po\u015brednictwem poczty elektronicznej z wyprzedzeniem co najmniej 3 dni roboczych. Udogodnienie zostanie udost\u0119pnione w uzgodnionym terminie.<\/p>\n<p><strong>3.\u00a0<\/strong>\u00a0\u00a0 Zapewniamy dost\u0119pno\u015b\u0107 lokalu dla os\u00f3b niepe\u0142nosprawnych z upo\u015bledzeniem narz\u0105du ruchu, a w szczeg\u00f3lno\u015bci poruszaj\u0105cych si\u0119 na w\u00f3zku inwalidzkim. W celu skorzystania z tego udogodnienia (podjazd dla w\u00f3zka) nale\u017cy skorzysta\u0107 z domofonu zainstalowanego przed wej\u015bciem do BOK. W odpowiedzi pracownik BOK, otworzy drzwi, zainstaluje odpowiednie najazdy na schody, udzieli pomocy przy wjechaniu w\u00f3zkiem inwalidzkim do wn\u0119trza lokalu.<\/p>\n<p><strong>4.\u00a0<\/strong>\u00a0\u00a0 Udost\u0119pniamy na papierze przy u\u017cyciu du\u017cej czcionki oraz w postaci elektronicznej w formacie tekstowym na stronie internetowej informacje o wszystkich udogodnieniach dla os\u00f3b niepe\u0142nosprawnych oferowanych przez nasz\u0105 firm\u0119, wz\u00f3r umowy o \u015bwiadczenie publicznie dost\u0119pnych us\u0142ug telekomunikacyjnych, cennik us\u0142ug telekomunikacyjnych i regulamin \u015bwiadczenia publicznie dost\u0119pnych us\u0142ug telekomunikacyjnych.<\/p>\n<p><strong>5.\u00a0<\/strong>\u00a0\u00a0 Udost\u0119pniamy na \u017c\u0105danie osoby niewidomej lub s\u0142abowidz\u0105cej, w terminie 30 dni od dnia z\u0142o\u017cenia \u017c\u0105dania, wz\u00f3r umowy o \u015bwiadczenie publicznie dost\u0119pnych us\u0142ug telekomunikacyjnych, cennik us\u0142ug telekomunikacyjnych i regulamin \u015bwiadczenia publicznie dost\u0119pnych us\u0142ug telekomunikacyjnych, sporz\u0105dzone na no\u015bniku elektronicznym w formacie tekstowym albo na papierze przy u\u017cyciu du\u017cej czcionki, a w przypadku wysy\u0142ania poczt\u0105 elektroniczn\u0105 \u2013 w formacie tekstowym, przy czym za teksty autentyczne uznaje si\u0119 og\u00f3lne warunki, wzory um\u00f3w oraz regulaminy i cenniki przygotowane przez dostawc\u0119 publicznie dost\u0119pnych us\u0142ug telefonicznych w alfabecie \u0142aci\u0144skim.<\/p>\n<p><strong>6.\u00a0<\/strong>\u00a0\u00a0 Udost\u0119pniamy na ka\u017cde \u017c\u0105danie osoby niewidomej lub s\u0142abowidz\u0105cej b\u0119d\u0105cej stron\u0105 umowy o \u015bwiadczenie us\u0142ug telekomunikacyjnych zawartej w postaci pisemnej lub elektronicznej:<\/p>\n<p><strong>\u00a0a)\u00a0\u00a0\u00a0<\/strong>\u00a0 informacje o danych zawartych na fakturze wraz z podstawowym wykazem wykonanych us\u0142ug telekomunikacyjnych, sporz\u0105dzone na papierze przy u\u017cyciu du\u017cej czcionki, a w przypadku wysy\u0142ania poczt\u0105 elektroniczn\u0105 \u2013 w formacie tekstowym. W przypadku zg\u0142oszenia takiego \u017c\u0105dania przed rozpocz\u0119ciem lub w trakcie okresu rozliczeniowego, za kt\u00f3ry b\u0119dzie wystawiona faktura, realizujemy je niezw\u0142ocznie po wystawieniu faktury, a w przypadku okresu rozliczeniowego, za kt\u00f3ry ju\u017c zosta\u0142a wystawiona faktura, realizujemy je w terminie 30 dni od dnia jego zg\u0142oszenia,<\/p>\n<p><strong>\u00a0b)\u00a0<\/strong>\u00a0\u00a0\u00a0 szczeg\u00f3\u0142owy wykaz wykonanych us\u0142ug telekomunikacyjnych sporz\u0105dzony na papierze przy u\u017cyciu du\u017cej czcionki, a w przypadku wysy\u0142ania poczt\u0105 elektroniczn\u0105 \u2013 w formacie tekstowym.<\/p>\n<p><strong>\u00a07.\u00a0<\/strong>\u00a0\u00a0 Przekazujemy na ka\u017cde \u017c\u0105danie abonenta b\u0119d\u0105cego osob\u0105 niepe\u0142nosprawn\u0105, w terminie 30 dni od dnia z\u0142o\u017cenia \u017c\u0105dania, informacje o oferowanych przez nasz\u0105 firm\u0119 wszystkich udogodnieniach dla os\u00f3b niepe\u0142nosprawnych, w postaci papierowej lub w postaci elektronicznej na udost\u0119pniony w tym celu przez abonenta adres poczty elektronicznej, z zastrze\u017ceniem, \u017ce w przypadku osoby niewidomej lub s\u0142abowidz\u0105cej takie informacje sporz\u0105dzamy na papierze przy u\u017cyciu du\u017cej czcionki w alfabecie Braille`a lub, w przypadku wysy\u0142ania ich poczt\u0105 elektroniczn\u0105 \u2013 w formacie tekstowym.<\/p>\n<p><strong>\u00a08.\u00a0<\/strong>\u00a0\u00a0 W przypadku uzasadnionych w\u0105tpliwo\u015bci dotycz\u0105cych zasadno\u015bci realizacji udogodnienia, o kt\u00f3rym mowa w ust. 2 i 6, zwi\u0105zanych z rodzajem lub stopniem niepe\u0142nosprawno\u015bci osoby \u017c\u0105daj\u0105cej jego realizacji, reprezentant naszej firmy przed realizacj\u0105 udogodnienia ma prawo za\u017c\u0105da\u0107 okazania, do wgl\u0105du, przez osob\u0119 \u017c\u0105daj\u0105c\u0105 realizacji udogodnienia, dokumentu potwierdzaj\u0105cego niepe\u0142nosprawno\u015b\u0107 w rozumieniu ustawy z dnia 27 sierpnia 1997 r. o rehabilitacji zawodowej i spo\u0142ecznej oraz zatrudnianiu os\u00f3b niepe\u0142nosprawnych (Dz. U. z 2011 r. Nr 127, poz. 721, z p\u00f3\u017an. zm.).<\/p>\n<\/div><\/div><div class=\"w-separator size_custom\" style=\"height:120px\" id=\"cdf0\"><style>@media(max-width:600px){ #cdf0{height:80px!important}}<\/style><\/div><\/div><\/div><\/div><\/div><\/div><\/section>\n","protected":false},"excerpt":{"rendered":"Strona g\u0142\u00f3wnaStronyRegulaminy dokumenty do pobrania REGULAMINY Regulamin \u015bwiadczenia us\u0142ug telekomunikacyjnych pobierz PDF Regulamin \u015bwiadczenia us\u0142ug telekomunikacyjnych (tekst du\u017ca czcionka)\u00a0 pobierz PDF UMOWY Zmiana warunk\u00f3w um\u00f3w o \u015bwiadczenie us\u0142ug telekomunikacyjnych wynikaj\u0105ca z ustawy PKE\u00a0 &#8211; pobierz PDF Umowa na korzystanie z us\u0142ugi dost\u0119pu do sieci Internet\u00a0 &#8211; pobierz PDF Umowa na korzystanie z us\u0142ugi dost\u0119pu do...","protected":false},"author":1,"featured_media":0,"parent":0,"menu_order":0,"comment_status":"closed","ping_status":"closed","template":"","meta":{"footnotes":""},"class_list":["post-3027","page","type-page","status-publish","hentry"],"_links":{"self":[{"href":"http:\/\/integra.aivikando.com.pl\/index.php?rest_route=\/wp\/v2\/pages\/3027","targetHints":{"allow":["GET"]}}],"collection":[{"href":"http:\/\/integra.aivikando.com.pl\/index.php?rest_route=\/wp\/v2\/pages"}],"about":[{"href":"http:\/\/integra.aivikando.com.pl\/index.php?rest_route=\/wp\/v2\/types\/page"}],"author":[{"embeddable":true,"href":"http:\/\/integra.aivikando.com.pl\/index.php?rest_route=\/wp\/v2\/users\/1"}],"replies":[{"embeddable":true,"href":"http:\/\/integra.aivikando.com.pl\/index.php?rest_route=%2Fwp%2Fv2%2Fcomments&post=3027"}],"version-history":[{"count":24,"href":"http:\/\/integra.aivikando.com.pl\/index.php?rest_route=\/wp\/v2\/pages\/3027\/revisions"}],"predecessor-version":[{"id":3590,"href":"http:\/\/integra.aivikando.com.pl\/index.php?rest_route=\/wp\/v2\/pages\/3027\/revisions\/3590"}],"wp:attachment":[{"href":"http:\/\/integra.aivikando.com.pl\/index.php?rest_route=%2Fwp%2Fv2%2Fmedia&parent=3027"}],"curies":[{"name":"wp","href":"https:\/\/api.w.org\/{rel}","templated":true}]}}