{"id":2953,"date":"2022-09-15T10:06:01","date_gmt":"2022-09-15T08:06:01","guid":{"rendered":"http:\/\/80.48.192.50\/?page_id=2953"},"modified":"2022-09-20T10:13:00","modified_gmt":"2022-09-20T08:13:00","slug":"kontakt","status":"publish","type":"page","link":"http:\/\/integra.aivikando.com.pl\/?page_id=2953","title":{"rendered":"Kontakt"},"content":{"rendered":"<section class=\"l-section wpb_row us_custom_3b52b4dd height_small width_full\"><div class=\"l-section-h i-cf\"><div class=\"g-cols vc_row via_flex valign_top type_default stacking_default\"><div class=\"vc_col-sm-12 wpb_column vc_column_container\"><div class=\"vc_column-inner\"><div class=\"wpb_wrapper\"><div class=\"w-image us_custom_c082b32b hide_on_tablets hide_on_mobiles align_center\"><div class=\"w-image-h\"><img decoding=\"async\" width=\"2200\" height=\"435\" data-src=\"http:\/\/integra.aivikando.com.pl\/wp-content\/uploads\/2022\/09\/kontakt.png\" class=\"attachment-full size-full lazyload\" alt=\"\" data-srcset=\"http:\/\/integra.aivikando.com.pl\/wp-content\/uploads\/2022\/09\/kontakt.png 2200w, http:\/\/integra.aivikando.com.pl\/wp-content\/uploads\/2022\/09\/kontakt-300x59.png 300w, http:\/\/integra.aivikando.com.pl\/wp-content\/uploads\/2022\/09\/kontakt-1024x202.png 1024w\" data-sizes=\"auto, (max-width: 2200px) 100vw, 2200px\" src=\"data:image\/svg+xml;base64,PHN2ZyB3aWR0aD0iMSIgaGVpZ2h0PSIxIiB4bWxucz0iaHR0cDovL3d3dy53My5vcmcvMjAwMC9zdmciPjwvc3ZnPg==\" style=\"--smush-placeholder-width: 2200px; --smush-placeholder-aspect-ratio: 2200\/435;\" \/><\/div><\/div><div class=\"w-image us_custom_640bbb89 hide_on_default hide_on_laptops align_center\"><div class=\"w-image-h\"><img decoding=\"async\" width=\"1200\" height=\"496\" data-src=\"http:\/\/integra.aivikando.com.pl\/wp-content\/uploads\/2022\/09\/kontakt_mobile.png\" class=\"attachment-full size-full lazyload\" alt=\"\" src=\"data:image\/svg+xml;base64,PHN2ZyB3aWR0aD0iMSIgaGVpZ2h0PSIxIiB4bWxucz0iaHR0cDovL3d3dy53My5vcmcvMjAwMC9zdmciPjwvc3ZnPg==\" style=\"--smush-placeholder-width: 1200px; --smush-placeholder-aspect-ratio: 1200\/496;\" \/><\/div><\/div><div class=\"w-separator hide_on_default hide_on_laptops size_custom\" style=\"height:40px\"><\/div><nav class=\"g-breadcrumbs us_custom_c50ad069 separator_icon align_none\" itemscope itemtype=\"http:\/\/schema.org\/BreadcrumbList\"><div class=\"g-breadcrumbs-item\" itemscope itemprop=\"itemListElement\" itemtype=\"http:\/\/schema.org\/ListItem\"><a itemprop=\"item\" href=\"http:\/\/integra.aivikando.com.pl\/\"><span itemprop=\"name\">Strona g\u0142\u00f3wna<\/span><\/a><meta itemprop=\"position\" content=\"1\"\/><\/div><div class=\"g-breadcrumbs-separator\"><i class=\"far fa-angle-right\"><\/i><\/div><div class=\"g-breadcrumbs-item\">Strony<\/div><\/nav><div class=\"wpb_text_column us_custom_dc6758c7\"><div class=\"wpb_wrapper\"><h2>Kontakt<\/h2>\n<\/div><\/div><div class=\"wpb_text_column us_custom_76a6a869\"><div class=\"wpb_wrapper\"><h4>Jeste\u015bmy dla Ciebie<\/h4>\n<\/div><\/div><\/div><\/div><\/div><\/div><\/div><\/section><section class=\"l-section wpb_row us_custom_64c38ea8 height_auto width_full\"><div class=\"l-section-h i-cf\"><div class=\"g-cols vc_row via_flex valign_top type_default stacking_default\"><div class=\"vc_col-sm-12 wpb_column vc_column_container\"><div class=\"vc_column-inner\"><div class=\"wpb_wrapper\"><div class=\"g-cols wpb_row via_flex valign_top type_default stacking_default\"><div class=\"vc_col-sm-6 wpb_column vc_column_container\"><div class=\"vc_column-inner us_custom_c50aeeb5\"><div class=\"wpb_wrapper\"><div class=\"w-separator size_medium\"><\/div><div class=\"w-iconbox iconpos_top style_default color_primary align_center no_title\"><div class=\"w-iconbox-icon\" style=\"font-size:2rem;\"><i class=\"far fa-phone-alt\"><\/i><\/div><div class=\"w-iconbox-meta\"><div class=\"w-iconbox-text\"><h4 style=\"text-align: center;\"><a href=\"tel:+4814 624 38 07\">(14) 624 38 07<\/a><\/h4>\n<p style=\"text-align: center;\">pon-pt: 8.00 &#8211; 16.00<\/p>\n<\/div><\/div><\/div><div class=\"wpb_text_column us_custom_1b04de86\"><div class=\"wpb_wrapper\"><p style=\"text-align: center;\">(po wcze\u015bniejszym um\u00f3wieniu spotkania BOK czynny do godziny 17:00)<\/p>\n<\/div><\/div><div class=\"w-separator size_medium\"><\/div><\/div><\/div><\/div><div class=\"vc_col-sm-6 wpb_column vc_column_container\"><div class=\"vc_column-inner us_custom_c50aeeb5\"><div class=\"wpb_wrapper\"><div class=\"w-separator size_medium\"><\/div><div class=\"w-iconbox iconpos_top style_default color_primary align_center no_title\"><div class=\"w-iconbox-icon\" style=\"font-size:2rem;\"><i class=\"far fa-envelope\"><\/i><\/div><div class=\"w-iconbox-meta\"><div class=\"w-iconbox-text\"><h4 style=\"text-align: center;\">Wybierz <a href=\"#fourmularz\">formularz kontaktowy<\/a><\/h4>\n<p style=\"text-align: center;\">e-mail: <a href=\"mailto:integra@tarnow.net.pl\">integra@tarnow.net.pl<\/a><\/p>\n<\/div><\/div><\/div><div class=\"w-separator size_medium\"><\/div><\/div><\/div><\/div><\/div><div class=\"w-separator size_medium\"><\/div><div class=\"w-separator size_custom\" style=\"height:\" id=\"e603\"><style>@media(max-width:600px){ #e603{height:40px!important}}<\/style><\/div><\/div><\/div><\/div><\/div><\/div><\/section><section class=\"l-section wpb_row us_custom_64c38ea8 height_auto width_full\"><div class=\"l-section-h i-cf\"><div class=\"g-cols vc_row via_flex valign_top type_default stacking_default\"><div class=\"vc_col-sm-8 wpb_column vc_column_container\"><div class=\"vc_column-inner\"><div class=\"wpb_wrapper\"><div class=\"g-cols wpb_row via_flex valign_top type_default stacking_default\"><div class=\"vc_col-sm-12 wpb_column vc_column_container\"><div class=\"vc_column-inner\"><div class=\"wpb_wrapper\"><div class=\"wpb_text_column\"><div class=\"wpb_wrapper\"><h3 class=\"section-title\">Punkty Obs\u0142ugi Klienta:<\/h3>\n<\/div><\/div><div class=\"w-separator size_medium\"><\/div><\/div><\/div><\/div><div class=\"vc_col-sm-4 wpb_column vc_column_container\"><div class=\"vc_column-inner\"><div class=\"wpb_wrapper\"><div class=\"wpb_text_column\"><div class=\"wpb_wrapper\"><p>Integra<br \/>\nul. Graniczna 8A<br \/>\n33-100 Tarn\u00f3w<\/p>\n<\/div><\/div><\/div><\/div><\/div><div class=\"vc_col-sm-4 wpb_column vc_column_container\"><div class=\"vc_column-inner\"><div class=\"wpb_wrapper\"><div class=\"wpb_text_column\"><div class=\"wpb_wrapper\"><p>tel.: <a href=\"tel:+4814 624 38 07\">(14) 624 38 07<\/a><br \/>\n<a href=\"mailto:integra@tarnow.net.pl\">integra@tarnow.net.pl<\/a><\/p>\n<\/div><\/div><\/div><\/div><\/div><div class=\"vc_col-sm-4 wpb_column vc_column_container\"><div class=\"vc_column-inner\"><div class=\"wpb_wrapper\"><div class=\"wpb_text_column\"><div class=\"wpb_wrapper\"><p>Godziny otwarcia:<br \/>\nCzynne: od 8:00 do 16:00<\/p>\n<\/div><\/div><div class=\"wpb_text_column us_custom_7e110e45\"><div class=\"wpb_wrapper\"><p style=\"text-align: left;\">(po wcze\u015bniejszym um\u00f3wieniu spotkania BOK czynny do godziny 17:00)<\/p>\n<\/div><\/div><\/div><\/div><\/div><div class=\"vc_col-sm-12 wpb_column vc_column_container\"><div class=\"vc_column-inner\"><div class=\"wpb_wrapper\"><div class=\"w-separator size_medium\"><\/div><div class=\"w-map provider_google\" id=\"us_map_1\"><div class=\"w-map-inner\"><div class=\"w-map-json\" onclick='return {&quot;address&quot;:&quot;50.0159763,21.0071185&quot;,&quot;disableDragging&quot;:0,&quot;disableZoom&quot;:0,&quot;hideControls&quot;:1,&quot;zoom&quot;:14,&quot;markers&quot;:[{&quot;address&quot;:&quot;50.0159763,21.0071185&quot;,&quot;html&quot;:&quot;&lt;h6&gt;Jeste\\u015bmy tutaj!&lt;\\\/h6&gt;&lt;p&gt;Zapraszamy do naszego biura.&lt;\\\/p&gt;&quot;,&quot;infowindow&quot;:0}],&quot;icon&quot;:{&quot;url&quot;:&quot;http:\\\/\\\/integra.aivikando.com.pl\\\/wp-content\\\/uploads\\\/2022\\\/09\\\/integra_fav-150x150.png&quot;,&quot;size&quot;:[40,40]},&quot;maptype&quot;:&quot;ROADMAP&quot;}'><\/div><div class=\"w-map-style-json\" onclick='return [\n    {\n        \"featureType\": \"water\",\n        \"elementType\": \"geometry\",\n        \"stylers\": [\n            {\n                \"color\": \"#e9e9e9\"\n            },\n            {\n                \"lightness\": 17\n            }\n        ]\n    },\n    {\n        \"featureType\": \"landscape\",\n        \"elementType\": \"geometry\",\n        \"stylers\": [\n            {\n                \"color\": \"#f5f5f5\"\n            },\n            {\n                \"lightness\": 20\n            }\n        ]\n    },\n    {\n        \"featureType\": \"road.highway\",\n        \"elementType\": \"geometry.fill\",\n        \"stylers\": [\n            {\n                \"color\": \"#ffffff\"\n            },\n            {\n                \"lightness\": 17\n            }\n        ]\n    },\n    {\n        \"featureType\": \"road.highway\",\n        \"elementType\": \"geometry.stroke\",\n        \"stylers\": [\n            {\n                \"color\": \"#ffffff\"\n            },\n            {\n                \"lightness\": 29\n            },\n            {\n                \"weight\": 0.2\n            }\n        ]\n    },\n    {\n        \"featureType\": \"road.arterial\",\n        \"elementType\": \"geometry\",\n        \"stylers\": [\n            {\n                \"color\": \"#ffffff\"\n            },\n            {\n                \"lightness\": 18\n            }\n        ]\n    },\n    {\n        \"featureType\": \"road.local\",\n        \"elementType\": \"geometry\",\n        \"stylers\": [\n            {\n                \"color\": \"#ffffff\"\n            },\n            {\n                \"lightness\": 16\n            }\n        ]\n    },\n    {\n        \"featureType\": \"poi\",\n        \"elementType\": \"geometry\",\n        \"stylers\": [\n            {\n                \"color\": \"#f5f5f5\"\n            },\n            {\n                \"lightness\": 21\n            }\n        ]\n    },\n    {\n        \"featureType\": \"poi.park\",\n        \"elementType\": \"geometry\",\n        \"stylers\": [\n            {\n                \"color\": \"#dedede\"\n            },\n            {\n                \"lightness\": 21\n            }\n        ]\n    },\n    {\n        \"elementType\": \"labels.text.stroke\",\n        \"stylers\": [\n            {\n                \"visibility\": \"on\"\n            },\n            {\n                \"color\": \"#ffffff\"\n            },\n            {\n                \"lightness\": 16\n            }\n        ]\n    },\n    {\n        \"elementType\": \"labels.text.fill\",\n        \"stylers\": [\n            {\n                \"saturation\": 36\n            },\n            {\n                \"color\": \"#333333\"\n            },\n            {\n                \"lightness\": 40\n            }\n        ]\n    },\n    {\n        \"elementType\": \"labels.icon\",\n        \"stylers\": [\n            {\n                \"visibility\": \"off\"\n            }\n        ]\n    },\n    {\n        \"featureType\": \"transit\",\n        \"elementType\": \"geometry\",\n        \"stylers\": [\n            {\n                \"color\": \"#f2f2f2\"\n            },\n            {\n                \"lightness\": 19\n            }\n        ]\n    },\n    {\n        \"featureType\": \"administrative\",\n        \"elementType\": \"geometry.fill\",\n        \"stylers\": [\n            {\n                \"color\": \"#fefefe\"\n            },\n            {\n                \"lightness\": 20\n            }\n        ]\n    },\n    {\n        \"featureType\": \"administrative\",\n        \"elementType\": \"geometry.stroke\",\n        \"stylers\": [\n            {\n                \"color\": \"#fefefe\"\n            },\n            {\n                \"lightness\": 17\n            },\n            {\n                \"weight\": 1.2\n            }\n        ]\n    }\n]'><\/div><\/div><\/div><\/div><\/div><\/div><\/div><\/div><\/div><\/div><div class=\"vc_col-sm-4 wpb_column vc_column_container\"><div class=\"vc_column-inner us_custom_6b6a3139\"><div class=\"wpb_wrapper\"><div class=\"w-separator size_small\"><\/div><div class=\"wpb_text_column\" id=\"fourmularz\"><div class=\"wpb_wrapper\"><h3>Formularz:<\/h3>\n<\/div><\/div><div class=\"w-separator size_small\"><\/div><div class=\"wpb_text_column\"><div class=\"wpb_wrapper\"><div class=\"forminator-ui forminator-custom-form forminator-custom-form-3006 forminator-design--flat  forminator_ajax\" data-forminator-render=\"0\" data-form=\"forminator-module-3006\" data-uid=\"69e60641aad14\"><br\/><\/div><form\r\n\t\t\t\tid=\"forminator-module-3006\"\r\n\t\t\t\tclass=\"forminator-ui forminator-custom-form forminator-custom-form-3006 forminator-design--flat  forminator_ajax\"\r\n\t\t\t\tmethod=\"post\"\r\n\t\t\t\tdata-forminator-render=\"0\"\r\n\t\t\t\tdata-form-id=\"3006\"\r\n\t\t\t\t data-color-option=\"default\" data-design=\"flat\" data-grid=\"open\" style=\"display: none;\"\r\n\t\t\t\tdata-uid=\"69e60641aad14\"\r\n\t\t\t><div role=\"alert\" aria-live=\"polite\" class=\"forminator-response-message forminator-error\" aria-hidden=\"true\"><\/div><div class=\"forminator-row\"><div id=\"name-1\" class=\"forminator-field-name forminator-col forminator-col-12 \"><div class=\"forminator-field\"><input type=\"text\" name=\"name-1\" value=\"\" placeholder=\"Twoje imi\u0119\" id=\"forminator-field-name-1_69e60641aad14\" class=\"forminator-input forminator-name--field\" aria-required=\"true\" autocomplete=\"name\" \/><\/div><\/div><\/div><div class=\"forminator-row\"><div id=\"email-1\" class=\"forminator-field-email forminator-col forminator-col-12 \"><div class=\"forminator-field\"><input type=\"email\" name=\"email-1\" value=\"\" placeholder=\"Adres email\" id=\"forminator-field-email-1_69e60641aad14\" class=\"forminator-input forminator-email--field\" data-required=\"true\" aria-required=\"true\" autocomplete=\"email\" \/><\/div><\/div><\/div><div class=\"forminator-row\"><div id=\"phone-1\" class=\"forminator-field-phone forminator-col forminator-col-12 \"><div class=\"forminator-field\"><input type=\"text\" name=\"phone-1\" value=\"\" placeholder=\"Numer telefonu\" id=\"forminator-field-phone-1_69e60641aad14\" class=\"forminator-input forminator-field--phone\" data-required=\"\" aria-required=\"false\" autocomplete=\"off\" \/><\/div><\/div><\/div><div class=\"forminator-row\"><div id=\"textarea-1\" class=\"forminator-field-textarea forminator-col forminator-col-12 \"><div class=\"forminator-field\"><textarea name=\"textarea-1\" placeholder=\"Twoja wiadomo\u015b\u0107...\" id=\"forminator-field-textarea-1_69e60641aad14\" class=\"forminator-textarea\" rows=\"6\" style=\"min-height:140px;\" maxlength=\"180\" ><\/textarea><span id=\"forminator-field-textarea-1_69e60641aad14-description\" class=\"forminator-description\"><span data-limit=\"180\" data-type=\"characters\" data-editor=\"\">0 \/ 180<\/span><\/span><\/div><\/div><\/div><div class=\"forminator-row\"><div id=\"consent-1\" class=\"forminator-field-consent forminator-col forminator-col-12 \"><div class=\"forminator-field\"><label for=\"forminator-field-consent-1_69e60641aad14\" id=\"forminator-field-consent-1_69e60641aad14-label\" class=\"forminator-label\">Wyra\u017cam zgod\u0119 <span class=\"forminator-required\">*<\/span><\/label><div class=\"forminator-checkbox__wrapper\"><label id=\"forminator-field-consent-1_69e60641aad14__label\" class=\"forminator-checkbox forminator-consent\" aria-labelledby=\"forminator-field-consent-1_69e60641aad14-label\" aria-hidden=\"true\"><input type=\"checkbox\" name=\"consent-1\" id=\"forminator-field-consent-1_69e60641aad14\" value=\"checked\" aria-labelledby=\"forminator-field-consent-1_69e60641aad14-label\" aria-describedby=\"forminator-field-consent-1_69e60641aad14__description\" data-required=\"true\" aria-required=\"true\" \/><span class=\"forminator-checkbox-box\" aria-hidden=\"true\"><\/span><\/label><div id=\"forminator-field-consent-1_69e60641aad14__description\" class=\"forminator-checkbox__label forminator-consent__label\"><p><span style=\"font-size: 12px;line-height: 12px\">Administratorem podanych przez Ciebie danych osobowych jest Integra Pawe\u0142 Mr\u00f3z, z siedzib\u0105 Tarn\u00f3w, ulica Graniczna 8A, REGON: 851642159; NIP: 8731375948. Podanie danych jest dobrowolne. Odmowa podania danych skutkuje brakiem mo\u017cliwo\u015bci udzielenia odpowiedzi na zadane w formularzu pytanie. Szczeg\u00f3\u0142owe informacje dotycz\u0105ce przetwarzania i ochrony danych osobowych znajduj\u0105 si\u0119 Polityce Prywatno\u015bci.<\/span><\/p><\/div><\/div><\/div><\/div><\/div><input type=\"hidden\" name=\"referer_url\" value=\"\" \/><div class=\"forminator-row forminator-row-last\"><div class=\"forminator-col\"><div class=\"forminator-field\"><button class=\"forminator-button forminator-button-submit\">Wy\u015blij wiadomo\u015b\u0107<\/button><\/div><\/div><\/div><input type=\"hidden\" id=\"forminator_nonce\" name=\"forminator_nonce\" value=\"b3bb6fedc7\" \/><input type=\"hidden\" name=\"_wp_http_referer\" value=\"\/index.php?rest_route=%2Fwp%2Fv2%2Fpages%2F2953\" \/><input type=\"hidden\" name=\"form_id\" value=\"3006\"><input type=\"hidden\" name=\"page_id\" value=\"2953\"><input type=\"hidden\" name=\"form_type\" value=\"default\"><input type=\"hidden\" name=\"current_url\" value=\"http:\/\/integra.aivikando.com.pl\/?page_id=2953\"><input type=\"hidden\" name=\"render_id\" value=\"0\"><input type=\"hidden\" name=\"action\" value=\"forminator_submit_form_custom-forms\"><\/form>\n<\/div><\/div><\/div><\/div><\/div><div class=\"vc_col-sm-12 wpb_column vc_column_container\"><div class=\"vc_column-inner\"><div class=\"wpb_wrapper\"><div class=\"w-separator size_medium\"><\/div><\/div><\/div><\/div><\/div><\/div><\/section>\n","protected":false},"excerpt":{"rendered":"Strona g\u0142\u00f3wnaStronyKontakt Jeste\u015bmy dla Ciebie (14) 624 38 07 pon-pt: 8.00 - 16.00 (po wcze\u015bniejszym um\u00f3wieniu spotkania BOK czynny do godziny 17:00) Wybierz formularz kontaktowy e-mail: integra@tarnow.net.pl Punkty Obs\u0142ugi Klienta: Integra ul. Graniczna 8A 33-100 Tarn\u00f3w tel.: (14) 624 38 07 integra@tarnow.net.pl Godziny otwarcia: Czynne: od 8:00 do 16:00 (po wcze\u015bniejszym um\u00f3wieniu spotkania BOK czynny...","protected":false},"author":1,"featured_media":0,"parent":0,"menu_order":0,"comment_status":"closed","ping_status":"closed","template":"","meta":{"footnotes":""},"class_list":["post-2953","page","type-page","status-publish","hentry"],"_links":{"self":[{"href":"http:\/\/integra.aivikando.com.pl\/index.php?rest_route=\/wp\/v2\/pages\/2953","targetHints":{"allow":["GET"]}}],"collection":[{"href":"http:\/\/integra.aivikando.com.pl\/index.php?rest_route=\/wp\/v2\/pages"}],"about":[{"href":"http:\/\/integra.aivikando.com.pl\/index.php?rest_route=\/wp\/v2\/types\/page"}],"author":[{"embeddable":true,"href":"http:\/\/integra.aivikando.com.pl\/index.php?rest_route=\/wp\/v2\/users\/1"}],"replies":[{"embeddable":true,"href":"http:\/\/integra.aivikando.com.pl\/index.php?rest_route=%2Fwp%2Fv2%2Fcomments&post=2953"}],"version-history":[{"count":39,"href":"http:\/\/integra.aivikando.com.pl\/index.php?rest_route=\/wp\/v2\/pages\/2953\/revisions"}],"predecessor-version":[{"id":3275,"href":"http:\/\/integra.aivikando.com.pl\/index.php?rest_route=\/wp\/v2\/pages\/2953\/revisions\/3275"}],"wp:attachment":[{"href":"http:\/\/integra.aivikando.com.pl\/index.php?rest_route=%2Fwp%2Fv2%2Fmedia&parent=2953"}],"curies":[{"name":"wp","href":"https:\/\/api.w.org\/{rel}","templated":true}]}}